{"id":989961,"date":"2024-11-15T08:53:09","date_gmt":"2024-11-15T08:53:09","guid":{"rendered":"https:\/\/rochadvocat.com\/declaracio-daccessibilitat\/"},"modified":"2024-11-19T11:17:35","modified_gmt":"2024-11-19T11:17:35","slug":"declaracio-daccessibilitat","status":"publish","type":"page","link":"https:\/\/rochadvocat.com\/es\/declaracio-daccessibilitat\/","title":{"rendered":"Declaraci\u00f3n de Accesibilidad"},"content":{"rendered":"\t\t<div data-elementor-type=\"wp-page\" data-elementor-id=\"989961\" class=\"elementor elementor-989961 elementor-989953\" data-elementor-post-type=\"page\">\n\t\t\t\t\t\t<section class=\"elementor-section elementor-top-section elementor-element elementor-element-1605c8ea elementor-section-boxed elementor-section-height-default elementor-section-height-default\" data-id=\"1605c8ea\" data-element_type=\"section\" data-e-type=\"section\">\n\t\t\t\t\t\t<div class=\"elementor-container elementor-column-gap-no\">\n\t\t\t\t\t<div class=\"elementor-column elementor-col-50 elementor-top-column elementor-element elementor-element-7fcc2c82\" data-id=\"7fcc2c82\" data-element_type=\"column\" data-e-type=\"column\">\n\t\t\t<div class=\"elementor-widget-wrap elementor-element-populated\">\n\t\t\t\t\t\t\t<\/div>\n\t\t<\/div>\n\t\t\t\t<div class=\"elementor-column elementor-col-50 elementor-top-column elementor-element elementor-element-22a470e3\" data-id=\"22a470e3\" data-element_type=\"column\" data-e-type=\"column\">\n\t\t\t<div class=\"elementor-widget-wrap\">\n\t\t\t\t\t\t\t<\/div>\n\t\t<\/div>\n\t\t\t\t\t<\/div>\n\t\t<\/section>\n\t\t\t\t<section class=\"elementor-section elementor-top-section elementor-element elementor-element-b1fbfb5 elementor-section-boxed elementor-section-height-default elementor-section-height-default\" data-id=\"b1fbfb5\" data-element_type=\"section\" data-e-type=\"section\">\n\t\t\t\t\t\t<div class=\"elementor-container elementor-column-gap-no\">\n\t\t\t\t\t<div class=\"elementor-column elementor-col-100 elementor-top-column elementor-element elementor-element-309aad45\" data-id=\"309aad45\" data-element_type=\"column\" data-e-type=\"column\">\n\t\t\t<div class=\"elementor-widget-wrap elementor-element-populated\">\n\t\t\t\t\t\t<div class=\"elementor-element elementor-element-2b8086a4 elementor-widget elementor-widget-text-editor\" data-id=\"2b8086a4\" data-element_type=\"widget\" data-e-type=\"widget\" data-widget_type=\"text-editor.default\">\n\t\t\t\t<div class=\"elementor-widget-container\">\n\t\t\t\t\t\t\t\t\t<div id=\"declaracion-de-accesibilidad-0\" class=\"m-genericContent__paragraph\">\n<div class=\"m-genericContent__imgParag\">\n<div class=\"m-genericContent__html\">\n<p>El Ministeri d\u2019Inclusi\u00f3, Seguretat Social i Migracions s\u2019ha comprom\u00e8s a fer accessibles els seus llocs web de conformitat amb el\u00a0<a title=\"Enlace extern al portal. S'obre en una pesta\u00f1a nova.\" href=\"https:\/\/translate.google.com\/website?sl=en&amp;tl=ca&amp;hl=es&amp;client=webapp&amp;u=https:\/\/www.boe.es\/buscar\/act.php?id%3DBOE-A-2018-12699\" target=\"_blank\" rel=\"noopener\">Reial Decret 1112\/2018, de 7 de setembre.<span class=\"sr-only\">Enlace extern al portal.\u00a0S\u2019obre en una pesta\u00f1a nova.<\/span><\/a>, sobre accessibilitat dels llocs web i aplicacions per a dispositius m\u00f2bils del sector p\u00fablic (en endavant, Reial Decret 1112\/2018, de 7 de setembre).<\/p>\n<p>La directiva Europea es basa en la norma EN 301 549 \u201cRequisitos d\u2019accessibilitat de productes i serveis TIC\u201d i aquesta, a la seva vegada, \u00e9s una adaptaci\u00f3 de les Pautes d\u2019Accessibilitat per al Contingut Web (WCAG 2.1) del W3C.<\/p>\n<p>La present declaraci\u00f3 d\u2019accessibilitat s\u2019aplica als seg\u00fcents llocs web:<\/p>\n<ul>\n<li><a title=\"Enlace extern al portal. S'obre en una pesta\u00f1a nova.\" href=\"https:\/\/translate.google.com\/website?sl=en&amp;tl=ca&amp;hl=es&amp;client=webapp&amp;u=https:\/\/www.inclusion.gob.es\" target=\"_blank\" rel=\"noopener\">https:\/\/www.inclusion.gob.es<span class=\"sr-only\">Enlace extern al portal.\u00a0S\u2019obre en una pesta\u00f1a nova.<\/span><\/a><\/li>\n<\/ul>\n<\/div>\n<\/div>\n<\/div>\n<div id=\"declaracion-de-accesibilidad-1\" class=\"m-genericContent__paragraph\">\n<h3 class=\"m-genericContent__paragraphTitle\">Situaci\u00f3 de compliment<\/h3>\n<div class=\"m-genericContent__imgParag\">\n<div class=\"m-genericContent__html\">\n<p>Aquest lloc web est\u00e0\u00a0<strong>parcialment conforme<\/strong>\u00a0amb el Reial Decret 1112\/2018, de 7 de setembre, a causa de la falta de conformitat dels aspectes que s\u2019indica a continuaci\u00f3.<\/p>\n<\/div>\n<\/div>\n<\/div>\n<div id=\"declaracion-de-accesibilidad-2\" class=\"m-genericContent__paragraph\">\n<h3 class=\"m-genericContent__paragraphTitle\">Contingut no accessible<\/h3>\n<div class=\"m-genericContent__imgParag\">\n<div class=\"m-genericContent__html\">\n<p>El contingut que es reconeix a continuaci\u00f3 no \u00e9s accessible pel seg\u00fcent:<\/p>\n<ol>\n<li>\n<p>Falta de conformitat amb el RD 1112\/2018 de 7 de setembre<\/p>\n<p>En algunes de les p\u00e0gines podrien existir els seg\u00fcents criteris no complits relacionats amb la norma EN 301 549 \u201cRequisitos d\u2019accessibilitat de productes i serveis TIC\u201d i aquesta, una vegada, \u00e9s una adaptaci\u00f3 de les Pautes d\u2019Accessibilitat per al Contingut Web (WCAG). 2.1) (criteris especificats entre parentesis)<\/p>\n<ul>\n<li>HTML s\u2019utilitza per al format al contingut [Requisit n\u00famero (9.1.3.1) Informaci\u00f3n i les seves relacions de EN 301549]<\/li>\n<li>Baix contrast entre text i fons [requisito n\u00famero (9.1.4.3) Contraste m\u00ednim de EN 301549].<\/li>\n<li>Enlace vac\u00edo [requisito n\u00famero (9.2.4.4) prop\u00f2sit d\u2019enlla\u00e7 (en el seu context) de EN 301549].<\/li>\n<\/ul>\n<\/li>\n<li>\n<p>C\u00e0rrega desproporcionada<\/p>\n<ul>\n<li>No aplica<\/li>\n<\/ul>\n<\/li>\n<li>\n<p>El contingut no entra dins de l\u2019\u00e0mbit de la legislaci\u00f3 aplicable<\/p>\n<ul>\n<li>\n<p>Formats d\u2019arxiu de ofim\u00e0tica publicats abans de l\u2019entrada en vigor d\u2019aquest real decret, 20 de setembre de 2018, sempre i quan no es necessiti per a tarees administratives activas, com per exemple un manual d\u2019ajuda o formulari per iniciar un procediment.<\/p>\n<\/li>\n<li>\n<p>Contingut multim\u00e8dia de base temporal pregrabat publicat abans de l\u2019entrada en vigor d\u2019aquest real decret.<\/p>\n<\/li>\n<li>\n<p>Serveis de mapes i cartografia en l\u00ednia, sempre i quan la informaci\u00f3 essencial es proporciona de manera accessible digitalment en el cas de mapes destinats a fines de navegaci\u00f3.<\/p>\n<\/li>\n<li>\n<p>Continguts de tercers que no estiguin sota el control del Ministeri d\u2019Inclusi\u00f3, Seguretat Social i Migracions.<\/p>\n<\/li>\n<\/ul>\n<\/li>\n<\/ol>\n<\/div>\n<\/div>\n<\/div>\n<div id=\"declaracion-de-accesibilidad-3\" class=\"m-genericContent__paragraph\">\n<h3 class=\"m-genericContent__paragraphTitle\">Preparaci\u00f3 de la presentaci\u00f3 declaraci\u00f3 d\u2019accessibilitat<\/h3>\n<div class=\"m-genericContent__imgParag\">\n<div class=\"m-genericContent__html\">\n<p>La present declaraci\u00f3 ha estat preparada el 14\/11\/2024.<\/p>\n<p>El m\u00e8tode empleat per preparar la declaraci\u00f3 ha estat una autoavaluaci\u00f3 portada a terme pel propi organisme.<\/p>\n<p>\u00daltima revisi\u00f3 de la declaraci\u00f3: 14\/11\/2024.<\/p>\n<\/div>\n<\/div>\n<\/div>\n<div id=\"declaracion-de-accesibilidad-4\" class=\"m-genericContent__paragraph\">\n<h3 class=\"m-genericContent__paragraphTitle\">Observacions i dades de contacte<\/h3>\n<div class=\"m-genericContent__imgParag\">\n<div class=\"m-genericContent__html\">\n<p>Pot realitzar comunicacions sobre requisits d\u2019accessibilitat (article 10.2.a) del Reial Decret 1112\/2018, de 7 de setembre) com, per exemple:<\/p>\n<ul>\n<li>\n<p>Informar sobre qualsevol possible incompliment per part d\u2019aquest lloc web<\/p>\n<\/li>\n<li>\n<p>Transmetre altres dificultats d\u2019acc\u00e9s al contingut<\/p>\n<\/li>\n<li>\n<p>Formular qualsevol altra consulta o suggeriment de millora relativa a l\u2019accessibilitat del lloc web.<\/p>\n<\/li>\n<\/ul>\n<p>A trav\u00e9s de les seg\u00fcents vies:<\/p>\n<ul>\n<li>Correu electr\u00f2nic:\u00a0\u00a0<a class=\"m-link__mailto\" href=\"mailto:accesibilidad.web@inclusion.gob.es?_x_tr_sl=en&amp;_x_tr_tl=ca&amp;_x_tr_hl=es&amp;_x_tr_pto=wapp\">accesibilidad.web@inclusion.gob.es<\/a><\/li>\n<\/ul>\n<p>Les comunicacions seran rebudes i tractades per la\u00a0\u00a0<strong>Unitat de Calitat, Seguretat, Auditoria i Innovaci\u00f3 de la Subdirecci\u00f3 General de Tecnologia de la Informaci\u00f3 i Comunicacions de la Subsecretaria del Ministeri d\u2019Inclusi\u00f3, Seguretat Social i Migracions<\/strong>\u00a0.<\/p>\n<\/div>\n<\/div>\n<\/div>\n<div id=\"declaracion-de-accesibilidad-5\" class=\"m-genericContent__paragraph\">\n<h3 class=\"m-genericContent__paragraphTitle\">Procediment d\u2019aplicaci\u00f3<\/h3>\n<div class=\"m-genericContent__imgParag\">\n<div class=\"m-genericContent__html\">\n<p>El procediment de reclamaci\u00f3 reconegut a l\u2019article 13 del RD 1112\/2018 es pot iniciar a trav\u00e9s del seg\u00fcent enlla\u00e7:\u00a0<a title=\"Enlace extern al portal. S'obre en una pesta\u00f1a nova.\" href=\"https:\/\/translate.google.com\/website?sl=en&amp;tl=ca&amp;hl=es&amp;client=webapp&amp;u=https:\/\/expinterweb.inclusion.gob.es\/iley11\/inicio\/showTramites.action?procedimientoSel%3D323%26proc%3D6\" target=\"_blank\" rel=\"noopener\">Procediment de Reclamaci\u00f3n d\u2019Accessibilitat Web<span class=\"sr-only\">Enlace extern al portal.\u00a0S\u2019obre en una pesta\u00f1a nova.<\/span><\/a><\/p>\n<\/div>\n<\/div>\n<\/div>\n<div id=\"declaracion-de-accesibilidad-6\" class=\"m-genericContent__paragraph\">\n<h3 class=\"m-genericContent__paragraphTitle\">Contingut opcional<\/h3>\n<div class=\"m-genericContent__imgParag\">\n<div class=\"m-genericContent__html\">\n<p><span class=\"VIpgJd-yAWNEb-VIpgJd-fmcmS-sn54Q\">S\u2019estableix com a objectiu assolir el compliment de tots els requisits de nivell A i AA de la WCAG 2.1 junt a certs requisits de nivell AAA considerats rellevants per a la millora de l\u2019experi\u00e8ncia d\u2019\u00fas del portal per part del ciutad\u00e0.<\/span><\/p>\n<\/div>\n<\/div>\n<\/div>\n\t\t\t\t\t\t\t\t<\/div>\n\t\t\t\t<\/div>\n\t\t\t\t\t<\/div>\n\t\t<\/div>\n\t\t\t\t\t<\/div>\n\t\t<\/section>\n\t\t\t\t<\/div>\n\t\t","protected":false},"excerpt":{"rendered":"<p>El Ministeri d\u2019Inclusi\u00f3, Seguretat Social i Migracions s\u2019ha comprom\u00e8s a fer accessibles els seus llocs web de conformitat amb el\u00a0Reial Decret 1112\/2018, de 7 de setembre.Enlace extern al portal.\u00a0S\u2019obre en una pesta\u00f1a nova., sobre accessibilitat dels llocs web i aplicacions per a dispositius m\u00f2bils del sector p\u00fablic (en endavant, Reial Decret 1112\/2018, de 7 de&#8230;<\/p>\n","protected":false},"author":1,"featured_media":0,"parent":0,"menu_order":0,"comment_status":"closed","ping_status":"closed","template":"","meta":{"footnotes":""},"class_list":["post-989961","page","type-page","status-publish","hentry"],"yoast_head":"<!-- This site is optimized with the Yoast SEO plugin v27.0 - https:\/\/yoast.com\/product\/yoast-seo-wordpress\/ -->\n<title>Declaraci\u00f3n de Accesibilidad - Marius Roch Advocat<\/title>\n<meta name=\"robots\" content=\"index, follow, max-snippet:-1, max-image-preview:large, max-video-preview:-1\" \/>\n<link rel=\"canonical\" href=\"https:\/\/rochadvocat.com\/declaracio-daccessibilitat\/\" \/>\n<meta property=\"og:locale\" content=\"es_ES\" \/>\n<meta property=\"og:type\" content=\"article\" \/>\n<meta property=\"og:title\" content=\"Declaraci\u00f3n de Accesibilidad - Marius Roch Advocat\" \/>\n<meta property=\"og:description\" content=\"El Ministeri d\u2019Inclusi\u00f3, Seguretat Social i Migracions s\u2019ha comprom\u00e8s a fer accessibles els seus llocs web de conformitat amb el\u00a0Reial Decret 1112\/2018, de 7 de setembre.Enlace extern al portal.\u00a0S\u2019obre en una pesta\u00f1a nova., sobre accessibilitat dels llocs web i aplicacions per a dispositius m\u00f2bils del sector p\u00fablic (en endavant, Reial Decret 1112\/2018, de 7 de...\" \/>\n<meta property=\"og:url\" content=\"https:\/\/rochadvocat.com\/declaracio-daccessibilitat\/\" \/>\n<meta property=\"og:site_name\" content=\"Marius Roch Advocat\" \/>\n<meta property=\"article:modified_time\" content=\"2024-11-19T11:17:35+00:00\" \/>\n<meta name=\"twitter:card\" content=\"summary_large_image\" \/>\n<meta name=\"twitter:label1\" content=\"Tiempo de lectura\" \/>\n\t<meta name=\"twitter:data1\" content=\"3 minutos\" \/>\n<script type=\"application\/ld+json\" class=\"yoast-schema-graph\">{\"@context\":\"https:\/\/schema.org\",\"@graph\":[{\"@type\":\"WebPage\",\"@id\":\"https:\/\/rochadvocat.com\/declaracio-daccessibilitat\/\",\"url\":\"https:\/\/rochadvocat.com\/declaracio-daccessibilitat\/\",\"name\":\"Declaraci\u00f3n de Accesibilidad - Marius Roch Advocat\",\"isPartOf\":{\"@id\":\"https:\/\/rochadvocat.com\/#website\"},\"datePublished\":\"2024-11-15T08:53:09+00:00\",\"dateModified\":\"2024-11-19T11:17:35+00:00\",\"breadcrumb\":{\"@id\":\"https:\/\/rochadvocat.com\/declaracio-daccessibilitat\/#breadcrumb\"},\"inLanguage\":\"es\",\"potentialAction\":[{\"@type\":\"ReadAction\",\"target\":[\"https:\/\/rochadvocat.com\/declaracio-daccessibilitat\/\"]}]},{\"@type\":\"BreadcrumbList\",\"@id\":\"https:\/\/rochadvocat.com\/declaracio-daccessibilitat\/#breadcrumb\",\"itemListElement\":[{\"@type\":\"ListItem\",\"position\":1,\"name\":\"Home\",\"item\":\"https:\/\/rochadvocat.com\/small-law-firm\/\"},{\"@type\":\"ListItem\",\"position\":2,\"name\":\"Declaraci\u00f3n de Accesibilidad\"}]},{\"@type\":\"WebSite\",\"@id\":\"https:\/\/rochadvocat.com\/#website\",\"url\":\"https:\/\/rochadvocat.com\/\",\"name\":\"Marius Roch Advocat\",\"description\":\"Advocat penalista en exercici a la ciutat de Barcelona\",\"publisher\":{\"@id\":\"https:\/\/rochadvocat.com\/#organization\"},\"potentialAction\":[{\"@type\":\"SearchAction\",\"target\":{\"@type\":\"EntryPoint\",\"urlTemplate\":\"https:\/\/rochadvocat.com\/?s={search_term_string}\"},\"query-input\":{\"@type\":\"PropertyValueSpecification\",\"valueRequired\":true,\"valueName\":\"search_term_string\"}}],\"inLanguage\":\"es\"},{\"@type\":\"Organization\",\"@id\":\"https:\/\/rochadvocat.com\/#organization\",\"name\":\"Marius Roch Advocat\",\"url\":\"https:\/\/rochadvocat.com\/\",\"logo\":{\"@type\":\"ImageObject\",\"inLanguage\":\"es\",\"@id\":\"https:\/\/rochadvocat.com\/#\/schema\/logo\/image\/\",\"url\":\"https:\/\/rochadvocat.com\/wp-content\/uploads\/2022\/09\/Recurso-18.svg\",\"contentUrl\":\"https:\/\/rochadvocat.com\/wp-content\/uploads\/2022\/09\/Recurso-18.svg\",\"width\":616,\"height\":54,\"caption\":\"Marius Roch Advocat\"},\"image\":{\"@id\":\"https:\/\/rochadvocat.com\/#\/schema\/logo\/image\/\"}}]}<\/script>\n<!-- \/ Yoast SEO plugin. -->","yoast_head_json":{"title":"Declaraci\u00f3n de Accesibilidad - Marius Roch Advocat","robots":{"index":"index","follow":"follow","max-snippet":"max-snippet:-1","max-image-preview":"max-image-preview:large","max-video-preview":"max-video-preview:-1"},"canonical":"https:\/\/rochadvocat.com\/declaracio-daccessibilitat\/","og_locale":"es_ES","og_type":"article","og_title":"Declaraci\u00f3n de Accesibilidad - Marius Roch Advocat","og_description":"El Ministeri d\u2019Inclusi\u00f3, Seguretat Social i Migracions s\u2019ha comprom\u00e8s a fer accessibles els seus llocs web de conformitat amb el\u00a0Reial Decret 1112\/2018, de 7 de setembre.Enlace extern al portal.\u00a0S\u2019obre en una pesta\u00f1a nova., sobre accessibilitat dels llocs web i aplicacions per a dispositius m\u00f2bils del sector p\u00fablic (en endavant, Reial Decret 1112\/2018, de 7 de...","og_url":"https:\/\/rochadvocat.com\/declaracio-daccessibilitat\/","og_site_name":"Marius Roch Advocat","article_modified_time":"2024-11-19T11:17:35+00:00","twitter_card":"summary_large_image","twitter_misc":{"Tiempo de lectura":"3 minutos"},"schema":{"@context":"https:\/\/schema.org","@graph":[{"@type":"WebPage","@id":"https:\/\/rochadvocat.com\/declaracio-daccessibilitat\/","url":"https:\/\/rochadvocat.com\/declaracio-daccessibilitat\/","name":"Declaraci\u00f3n de Accesibilidad - Marius Roch Advocat","isPartOf":{"@id":"https:\/\/rochadvocat.com\/#website"},"datePublished":"2024-11-15T08:53:09+00:00","dateModified":"2024-11-19T11:17:35+00:00","breadcrumb":{"@id":"https:\/\/rochadvocat.com\/declaracio-daccessibilitat\/#breadcrumb"},"inLanguage":"es","potentialAction":[{"@type":"ReadAction","target":["https:\/\/rochadvocat.com\/declaracio-daccessibilitat\/"]}]},{"@type":"BreadcrumbList","@id":"https:\/\/rochadvocat.com\/declaracio-daccessibilitat\/#breadcrumb","itemListElement":[{"@type":"ListItem","position":1,"name":"Home","item":"https:\/\/rochadvocat.com\/small-law-firm\/"},{"@type":"ListItem","position":2,"name":"Declaraci\u00f3n de Accesibilidad"}]},{"@type":"WebSite","@id":"https:\/\/rochadvocat.com\/#website","url":"https:\/\/rochadvocat.com\/","name":"Marius Roch Advocat","description":"Advocat penalista en exercici a la ciutat de Barcelona","publisher":{"@id":"https:\/\/rochadvocat.com\/#organization"},"potentialAction":[{"@type":"SearchAction","target":{"@type":"EntryPoint","urlTemplate":"https:\/\/rochadvocat.com\/?s={search_term_string}"},"query-input":{"@type":"PropertyValueSpecification","valueRequired":true,"valueName":"search_term_string"}}],"inLanguage":"es"},{"@type":"Organization","@id":"https:\/\/rochadvocat.com\/#organization","name":"Marius Roch Advocat","url":"https:\/\/rochadvocat.com\/","logo":{"@type":"ImageObject","inLanguage":"es","@id":"https:\/\/rochadvocat.com\/#\/schema\/logo\/image\/","url":"https:\/\/rochadvocat.com\/wp-content\/uploads\/2022\/09\/Recurso-18.svg","contentUrl":"https:\/\/rochadvocat.com\/wp-content\/uploads\/2022\/09\/Recurso-18.svg","width":616,"height":54,"caption":"Marius Roch Advocat"},"image":{"@id":"https:\/\/rochadvocat.com\/#\/schema\/logo\/image\/"}}]}},"_links":{"self":[{"href":"https:\/\/rochadvocat.com\/es\/wp-json\/wp\/v2\/pages\/989961","targetHints":{"allow":["GET"]}}],"collection":[{"href":"https:\/\/rochadvocat.com\/es\/wp-json\/wp\/v2\/pages"}],"about":[{"href":"https:\/\/rochadvocat.com\/es\/wp-json\/wp\/v2\/types\/page"}],"author":[{"embeddable":true,"href":"https:\/\/rochadvocat.com\/es\/wp-json\/wp\/v2\/users\/1"}],"replies":[{"embeddable":true,"href":"https:\/\/rochadvocat.com\/es\/wp-json\/wp\/v2\/comments?post=989961"}],"version-history":[{"count":6,"href":"https:\/\/rochadvocat.com\/es\/wp-json\/wp\/v2\/pages\/989961\/revisions"}],"predecessor-version":[{"id":990417,"href":"https:\/\/rochadvocat.com\/es\/wp-json\/wp\/v2\/pages\/989961\/revisions\/990417"}],"wp:attachment":[{"href":"https:\/\/rochadvocat.com\/es\/wp-json\/wp\/v2\/media?parent=989961"}],"curies":[{"name":"wp","href":"https:\/\/api.w.org\/{rel}","templated":true}]}}