{"id":989854,"date":"2022-09-11T20:59:55","date_gmt":"2022-09-11T20:59:55","guid":{"rendered":"https:\/\/rochadvocat.com\/politica-privacitat\/"},"modified":"2025-01-08T13:58:42","modified_gmt":"2025-01-08T13:58:42","slug":"politica-privacitat","status":"publish","type":"page","link":"https:\/\/rochadvocat.com\/es\/politica-privacitat\/","title":{"rendered":"Pol\u00edtica de Privacidad"},"content":{"rendered":"\t\t<div data-elementor-type=\"wp-page\" data-elementor-id=\"989854\" class=\"elementor elementor-989854 elementor-161\" data-elementor-post-type=\"page\">\n\t\t\t\t\t\t<section class=\"elementor-section elementor-top-section elementor-element elementor-element-1605c8ea elementor-section-boxed elementor-section-height-default elementor-section-height-default\" data-id=\"1605c8ea\" data-element_type=\"section\" data-e-type=\"section\">\n\t\t\t\t\t\t<div class=\"elementor-container elementor-column-gap-no\">\n\t\t\t\t\t<div class=\"elementor-column elementor-col-50 elementor-top-column elementor-element elementor-element-7fcc2c82\" data-id=\"7fcc2c82\" data-element_type=\"column\" data-e-type=\"column\">\n\t\t\t<div class=\"elementor-widget-wrap elementor-element-populated\">\n\t\t\t\t\t\t\t<\/div>\n\t\t<\/div>\n\t\t\t\t<div class=\"elementor-column elementor-col-50 elementor-top-column elementor-element elementor-element-22a470e3\" data-id=\"22a470e3\" data-element_type=\"column\" data-e-type=\"column\">\n\t\t\t<div class=\"elementor-widget-wrap\">\n\t\t\t\t\t\t\t<\/div>\n\t\t<\/div>\n\t\t\t\t\t<\/div>\n\t\t<\/section>\n\t\t\t\t<section class=\"elementor-section elementor-top-section elementor-element elementor-element-b1fbfb5 elementor-section-boxed elementor-section-height-default elementor-section-height-default\" data-id=\"b1fbfb5\" data-element_type=\"section\" data-e-type=\"section\">\n\t\t\t\t\t\t<div class=\"elementor-container elementor-column-gap-no\">\n\t\t\t\t\t<div class=\"elementor-column elementor-col-100 elementor-top-column elementor-element elementor-element-309aad45\" data-id=\"309aad45\" data-element_type=\"column\" data-e-type=\"column\">\n\t\t\t<div class=\"elementor-widget-wrap elementor-element-populated\">\n\t\t\t\t\t\t<div class=\"elementor-element elementor-element-1a229f96 elementor-widget elementor-widget-heading\" data-id=\"1a229f96\" data-element_type=\"widget\" data-e-type=\"widget\" data-widget_type=\"heading.default\">\n\t\t\t\t<div class=\"elementor-widget-container\">\n\t\t\t\t\t<h3 class=\"elementor-heading-title elementor-size-default\">Qui\u00e9n es el responsable del tratamiento de tus datos personales?<\/h3>\t\t\t\t<\/div>\n\t\t\t\t<\/div>\n\t\t\t\t<div class=\"elementor-element elementor-element-2b8086a4 elementor-widget elementor-widget-text-editor\" data-id=\"2b8086a4\" data-element_type=\"widget\" data-e-type=\"widget\" data-widget_type=\"text-editor.default\">\n\t\t\t\t<div class=\"elementor-widget-container\">\n\t\t\t\t\t\t\t\t\t<p>M\u00e0rius Roch es el RESPONSABLE del tratamiento de los datos personales del USUARIO y lo informa que estos datos se tratar\u00e1n de conformidad con el que dispone el Reglamento (UE) 2016\/679, de 27 de abril (GDPR), y la Ley Org\u00e1nica 3\/2018, de 5 de diciembre (LOPDGDD).<\/p>\n\t\t\t\t\t\t\t\t<\/div>\n\t\t\t\t<\/div>\n\t\t\t\t<div class=\"elementor-element elementor-element-10aadea elementor-widget elementor-widget-heading\" data-id=\"10aadea\" data-element_type=\"widget\" data-e-type=\"widget\" data-widget_type=\"heading.default\">\n\t\t\t\t<div class=\"elementor-widget-container\">\n\t\t\t\t\t<h3 class=\"elementor-heading-title elementor-size-default\">Porque tratamos sus datos personales?<\/h3>\t\t\t\t<\/div>\n\t\t\t\t<\/div>\n\t\t\t\t<div class=\"elementor-element elementor-element-5c10738f elementor-widget elementor-widget-text-editor\" data-id=\"5c10738f\" data-element_type=\"widget\" data-e-type=\"widget\" data-widget_type=\"text-editor.default\">\n\t\t\t\t<div class=\"elementor-widget-container\">\n\t\t\t\t\t\t\t\t\t<p>Para mantener una relaci\u00f3n comercial con el usuario. Las operaciones previstas para hacer el tratamiento son:<br \/>\u2022 Remesa de comunicaciones comerciales publicitarias por e-mail, fax, SMS, MMS, redes sociales o cualquier otro medio electr\u00f3nico o f\u00edsico, presente o futuro, que permita efectuar comunicaciones comerciales. Estas comunicaciones se tienen que hacer por medio del RESPONSABLE y est\u00e1n relacionadas con sus productos y servicios, o con sus colaboradores o proveedores, con los cuales haya llegado a alg\u00fan acuerdo de promoci\u00f3n. En este caso, los terceros no tendr\u00e1n nunca acceso a los datos personales.   <br \/>\u2022 Efectuar estudios de mercado y an\u00e1lisis estad\u00edsticos.<br \/>\u2022 Tramitar encargos de peticiones, dar respuesta a las consultas o cualquier tipo de petici\u00f3n que haga el USUARIO a trav\u00e9s de cualquier de las formas de contacto que se ponen a su disposici\u00f3n a la p\u00e1gina web del RESPONSABLE.<br \/>\u2022 Enviar el bolet\u00edn informativo en l\u00ednea, sobre novedades, ofertas y promociones en nuestra actividad.<\/p>\n\t\t\t\t\t\t\t\t<\/div>\n\t\t\t\t<\/div>\n\t\t\t\t<div class=\"elementor-element elementor-element-58926741 elementor-widget elementor-widget-heading\" data-id=\"58926741\" data-element_type=\"widget\" data-e-type=\"widget\" data-widget_type=\"heading.default\">\n\t\t\t\t<div class=\"elementor-widget-container\">\n\t\t\t\t\t<h3 class=\"elementor-heading-title elementor-size-default\">Por qu\u00e9 motivo podemos tratar sus datos personales?<\/h3>\t\t\t\t<\/div>\n\t\t\t\t<\/div>\n\t\t\t\t<div class=\"elementor-element elementor-element-5136ef11 elementor-widget elementor-widget-text-editor\" data-id=\"5136ef11\" data-element_type=\"widget\" data-e-type=\"widget\" data-widget_type=\"text-editor.default\">\n\t\t\t\t<div class=\"elementor-widget-container\">\n\t\t\t\t\t\t\t\t\t<p>Porque el tratamiento est\u00e1 legitimado por el art\u00edculo 6 del GDPR de la siguiente manera:<br \/>\u2022 Con el consentimiento del USUARIO: env\u00edo de comunicaciones comerciales y del bolet\u00edn informativo.<br \/>\u2022 Por inter\u00e9s leg\u00edtimo del RESPONSABLE: efectuar estudios de mercado, an\u00e1lisis estad\u00edsticos, etc. y tramitar encargos, solicitudes, etc. a petici\u00f3n del USUARIO.<\/p>\n\t\t\t\t\t\t\t\t<\/div>\n\t\t\t\t<\/div>\n\t\t\t\t<div class=\"elementor-element elementor-element-5e430ed7 elementor-widget elementor-widget-heading\" data-id=\"5e430ed7\" data-element_type=\"widget\" data-e-type=\"widget\" data-widget_type=\"heading.default\">\n\t\t\t\t<div class=\"elementor-widget-container\">\n\t\t\t\t\t<h3 class=\"elementor-heading-title elementor-size-default\">Durante cu\u00e1nto de tiempo guardaremos sus datos personales?<\/h3>\t\t\t\t<\/div>\n\t\t\t\t<\/div>\n\t\t\t\t<div class=\"elementor-element elementor-element-622bb701 elementor-widget elementor-widget-text-editor\" data-id=\"622bb701\" data-element_type=\"widget\" data-e-type=\"widget\" data-widget_type=\"text-editor.default\">\n\t\t\t\t<div class=\"elementor-widget-container\">\n\t\t\t\t\t\t\t\t\t<p>Se conservar\u00e1n durando no m\u00e1s tiempo del necesario para mantener la finalidad del tratamiento o mientras haya prescripciones legales que dictaminen la custodia y cuando ya no sea necesario para lo cual, se suprimir\u00e1n con medidas de seguridad adecuadas para garantizar la anonimizaci\u00f3n de los datos o su destrucci\u00f3n total.<\/p>\n\t\t\t\t\t\t\t\t<\/div>\n\t\t\t\t<\/div>\n\t\t\t\t<div class=\"elementor-element elementor-element-531339fc elementor-widget elementor-widget-heading\" data-id=\"531339fc\" data-element_type=\"widget\" data-e-type=\"widget\" data-widget_type=\"heading.default\">\n\t\t\t\t<div class=\"elementor-widget-container\">\n\t\t\t\t\t<h3 class=\"elementor-heading-title elementor-size-default\">A quien facilitamos sus datos personales?<\/h3>\t\t\t\t<\/div>\n\t\t\t\t<\/div>\n\t\t\t\t<div class=\"elementor-element elementor-element-7ef4734 elementor-widget elementor-widget-text-editor\" data-id=\"7ef4734\" data-element_type=\"widget\" data-e-type=\"widget\" data-widget_type=\"text-editor.default\">\n\t\t\t\t<div class=\"elementor-widget-container\">\n\t\t\t\t\t\t\t\t\t<p>No est\u00e1 prevista ninguna comunicaci\u00f3n de datos personales a terceros excepto, si fuera necesario para el desarrollo y ejecuci\u00f3n de las finalidades del tratamiento, a nuestros proveedores de servicios relacionados con comunicaciones, con los cuales el RESPONSABLE ha formalizado los contratos de confidencialidad y de encargado de tratamiento exigidos por la normativa vigente de privacidad.<\/p>\n\t\t\t\t\t\t\t\t<\/div>\n\t\t\t\t<\/div>\n\t\t\t\t<div class=\"elementor-element elementor-element-12a603d3 elementor-widget elementor-widget-heading\" data-id=\"12a603d3\" data-element_type=\"widget\" data-e-type=\"widget\" data-widget_type=\"heading.default\">\n\t\t\t\t<div class=\"elementor-widget-container\">\n\t\t\t\t\t<h3 class=\"elementor-heading-title elementor-size-default\">Cu\u00e1les son sus derechos?<\/h3>\t\t\t\t<\/div>\n\t\t\t\t<\/div>\n\t\t\t\t<div class=\"elementor-element elementor-element-7b4bb2e9 elementor-widget elementor-widget-text-editor\" data-id=\"7b4bb2e9\" data-element_type=\"widget\" data-e-type=\"widget\" data-widget_type=\"text-editor.default\">\n\t\t\t\t<div class=\"elementor-widget-container\">\n\t\t\t\t\t\t\t\t\t<p>Los derechos que tiene el USUARIO son:<br \/>\u2022 Derecho a retirar el consentimiento en cualquier momento.<br \/>\u2022 Derecho de acceso, rectificaci\u00f3n, portabilidad y supresi\u00f3n de sus datos y de limitaci\u00f3n u oposici\u00f3n a su tratamiento.<br \/>\u2022 Derecho a presentar una reclamaci\u00f3n ante la autoridad de control (www.aepd.es) si considera que el tratamiento no se ajusta a la normativa vigente.<br \/><strong>Datos de contacto para ejercer sus derechos:<\/strong><br \/>M\u00e0rius Roch Isard C\/ Sugranyes 39 1r 8a (Barcelona) Email: m.roch@icab.cat<\/p>\n\t\t\t\t\t\t\t\t<\/div>\n\t\t\t\t<\/div>\n\t\t\t\t<div class=\"elementor-element elementor-element-210b697a elementor-widget elementor-widget-heading\" data-id=\"210b697a\" data-element_type=\"widget\" data-e-type=\"widget\" data-widget_type=\"heading.default\">\n\t\t\t\t<div class=\"elementor-widget-container\">\n\t\t\t\t\t<h3 class=\"elementor-heading-title elementor-size-default\">Car\u00e1cter obligatorio o facultativo de la informaci\u00f3n facilitada por el usuario<\/h3>\t\t\t\t<\/div>\n\t\t\t\t<\/div>\n\t\t\t\t<div class=\"elementor-element elementor-element-cf3e3e7 elementor-widget elementor-widget-text-editor\" data-id=\"cf3e3e7\" data-element_type=\"widget\" data-e-type=\"widget\" data-widget_type=\"text-editor.default\">\n\t\t\t\t<div class=\"elementor-widget-container\">\n\t\t\t\t\t\t\t\t\t<p>Los USUARIOS, por medio de las casillas correspondientes y la introducci\u00f3n de datos en los campos, marcados con el asterisco () en el formulario de contacto o presentados en formularios de descarga, aceptan expresamente y de manera libre e inequ\u00edvoca, que sus datos son necesarios para la atenci\u00f3n de su petici\u00f3n, por parte del prestamista, y que por lo tanto la inclusi\u00f3n de los datos en los campos restantes es voluntaria. El USUARIO garantiza que los datos personales facilitados al RESPONSABLE son ver\u00eddicas y se hace responsable de comunicar cualquier modificaci\u00f3n. <br \/>El RESPONSABLE informa que todos los datos solicitados a trav\u00e9s del sitio web son obligatorias, puesto que son necesarias para la prestaci\u00f3n de un servicio \u00f3ptimo al USUARIO. En caso de que no se faciliten todos los datos, no se garantiza que la informaci\u00f3n y servicios facilitados se ajusten completamente a sus necesidades. <\/p>\n\t\t\t\t\t\t\t\t<\/div>\n\t\t\t\t<\/div>\n\t\t\t\t<div class=\"elementor-element elementor-element-5757281c elementor-widget elementor-widget-heading\" data-id=\"5757281c\" data-element_type=\"widget\" data-e-type=\"widget\" data-widget_type=\"heading.default\">\n\t\t\t\t<div class=\"elementor-widget-container\">\n\t\t\t\t\t<h3 class=\"elementor-heading-title elementor-size-default\">Medidas de seguridad<\/h3>\t\t\t\t<\/div>\n\t\t\t\t<\/div>\n\t\t\t\t<div class=\"elementor-element elementor-element-61c57bcc elementor-widget elementor-widget-text-editor\" data-id=\"61c57bcc\" data-element_type=\"widget\" data-e-type=\"widget\" data-widget_type=\"text-editor.default\">\n\t\t\t\t<div class=\"elementor-widget-container\">\n\t\t\t\t\t\t\t\t\t<p>Que, de conformidad con el que establecen las normativas vigentes en protecci\u00f3n de datos personales, el RESPONSABLE est\u00e1 cumpliendo con todas las disposiciones de las normativas GDPR y LOPDGDD para el tratamiento de los datos personales de su responsabilidad, y manifiestamente con los principios descritos en el art\u00edculo 5 del GDPR, por los cuales se tratan de manera l\u00edcita, leal y transparente en relaci\u00f3n con el interesado y adecuadas, pertinentes y limitadas al que es necesario en relaci\u00f3n con las finalidades para las cuales se tratan.<br \/>El RESPONSABLE garantiza que ha implementado pol\u00edticas t\u00e9cnicas y organizativas apropiadas para aplicar las medidas de seguridad que establecen lo GDPR y la LOPDGDD para proteger los derechos y libertades de los USUARIOS y los ha comunicado la informaci\u00f3n adecuada para que puedan ejercerlos.<br \/>Para mayor informaci\u00f3n sobre las garant\u00edas de privacidad, puedes dirigirte al RESPONSABLE a trav\u00e9s del Email: m.roch@icab.cat<\/p>\n\t\t\t\t\t\t\t\t<\/div>\n\t\t\t\t<\/div>\n\t\t\t\t\t<\/div>\n\t\t<\/div>\n\t\t\t\t\t<\/div>\n\t\t<\/section>\n\t\t\t\t<\/div>\n\t\t","protected":false},"excerpt":{"rendered":"<p>Qui\u00e9n es el responsable del tratamiento de tus datos personales? M\u00e0rius Roch es el RESPONSABLE del tratamiento de los datos personales del USUARIO y lo informa que estos datos se tratar\u00e1n de conformidad con el que dispone el Reglamento (UE) 2016\/679, de 27 de abril (GDPR), y la Ley Org\u00e1nica 3\/2018, de 5 de diciembre&#8230;<\/p>\n","protected":false},"author":1,"featured_media":0,"parent":0,"menu_order":0,"comment_status":"closed","ping_status":"closed","template":"","meta":{"footnotes":""},"class_list":["post-989854","page","type-page","status-publish","hentry"],"yoast_head":"<!-- This site is optimized with the Yoast SEO plugin v27.0 - https:\/\/yoast.com\/product\/yoast-seo-wordpress\/ -->\n<title>Pol\u00edtica de Privacidad - Marius Roch Advocat<\/title>\n<meta name=\"robots\" content=\"index, follow, max-snippet:-1, max-image-preview:large, max-video-preview:-1\" \/>\n<link rel=\"canonical\" href=\"https:\/\/rochadvocat.com\/politica-privacitat\/\" \/>\n<meta property=\"og:locale\" content=\"es_ES\" \/>\n<meta property=\"og:type\" content=\"article\" \/>\n<meta property=\"og:title\" content=\"Pol\u00edtica de Privacidad - Marius Roch Advocat\" \/>\n<meta property=\"og:description\" content=\"Qui\u00e9n es el responsable del tratamiento de tus datos personales? M\u00e0rius Roch es el RESPONSABLE del tratamiento de los datos personales del USUARIO y lo informa que estos datos se tratar\u00e1n de conformidad con el que dispone el Reglamento (UE) 2016\/679, de 27 de abril (GDPR), y la Ley Org\u00e1nica 3\/2018, de 5 de diciembre...\" \/>\n<meta property=\"og:url\" content=\"https:\/\/rochadvocat.com\/politica-privacitat\/\" \/>\n<meta property=\"og:site_name\" content=\"Marius Roch Advocat\" \/>\n<meta property=\"article:modified_time\" content=\"2025-01-08T13:58:42+00:00\" \/>\n<meta name=\"twitter:card\" content=\"summary_large_image\" \/>\n<meta name=\"twitter:label1\" content=\"Tiempo de lectura\" \/>\n\t<meta name=\"twitter:data1\" content=\"4 minutos\" \/>\n<script type=\"application\/ld+json\" class=\"yoast-schema-graph\">{\"@context\":\"https:\/\/schema.org\",\"@graph\":[{\"@type\":\"WebPage\",\"@id\":\"https:\/\/rochadvocat.com\/politica-privacitat\/\",\"url\":\"https:\/\/rochadvocat.com\/politica-privacitat\/\",\"name\":\"Pol\u00edtica de Privacidad - Marius Roch Advocat\",\"isPartOf\":{\"@id\":\"https:\/\/rochadvocat.com\/#website\"},\"datePublished\":\"2022-09-11T20:59:55+00:00\",\"dateModified\":\"2025-01-08T13:58:42+00:00\",\"breadcrumb\":{\"@id\":\"https:\/\/rochadvocat.com\/politica-privacitat\/#breadcrumb\"},\"inLanguage\":\"es\",\"potentialAction\":[{\"@type\":\"ReadAction\",\"target\":[\"https:\/\/rochadvocat.com\/politica-privacitat\/\"]}]},{\"@type\":\"BreadcrumbList\",\"@id\":\"https:\/\/rochadvocat.com\/politica-privacitat\/#breadcrumb\",\"itemListElement\":[{\"@type\":\"ListItem\",\"position\":1,\"name\":\"Home\",\"item\":\"https:\/\/rochadvocat.com\/small-law-firm\/\"},{\"@type\":\"ListItem\",\"position\":2,\"name\":\"Pol\u00edtica de Privacidad\"}]},{\"@type\":\"WebSite\",\"@id\":\"https:\/\/rochadvocat.com\/#website\",\"url\":\"https:\/\/rochadvocat.com\/\",\"name\":\"Marius Roch Advocat\",\"description\":\"Advocat penalista en exercici a la ciutat de Barcelona\",\"publisher\":{\"@id\":\"https:\/\/rochadvocat.com\/#organization\"},\"potentialAction\":[{\"@type\":\"SearchAction\",\"target\":{\"@type\":\"EntryPoint\",\"urlTemplate\":\"https:\/\/rochadvocat.com\/?s={search_term_string}\"},\"query-input\":{\"@type\":\"PropertyValueSpecification\",\"valueRequired\":true,\"valueName\":\"search_term_string\"}}],\"inLanguage\":\"es\"},{\"@type\":\"Organization\",\"@id\":\"https:\/\/rochadvocat.com\/#organization\",\"name\":\"Marius Roch Advocat\",\"url\":\"https:\/\/rochadvocat.com\/\",\"logo\":{\"@type\":\"ImageObject\",\"inLanguage\":\"es\",\"@id\":\"https:\/\/rochadvocat.com\/#\/schema\/logo\/image\/\",\"url\":\"https:\/\/rochadvocat.com\/wp-content\/uploads\/2022\/09\/Recurso-18.svg\",\"contentUrl\":\"https:\/\/rochadvocat.com\/wp-content\/uploads\/2022\/09\/Recurso-18.svg\",\"width\":616,\"height\":54,\"caption\":\"Marius Roch Advocat\"},\"image\":{\"@id\":\"https:\/\/rochadvocat.com\/#\/schema\/logo\/image\/\"}}]}<\/script>\n<!-- \/ Yoast SEO plugin. -->","yoast_head_json":{"title":"Pol\u00edtica de Privacidad - Marius Roch Advocat","robots":{"index":"index","follow":"follow","max-snippet":"max-snippet:-1","max-image-preview":"max-image-preview:large","max-video-preview":"max-video-preview:-1"},"canonical":"https:\/\/rochadvocat.com\/politica-privacitat\/","og_locale":"es_ES","og_type":"article","og_title":"Pol\u00edtica de Privacidad - Marius Roch Advocat","og_description":"Qui\u00e9n es el responsable del tratamiento de tus datos personales? M\u00e0rius Roch es el RESPONSABLE del tratamiento de los datos personales del USUARIO y lo informa que estos datos se tratar\u00e1n de conformidad con el que dispone el Reglamento (UE) 2016\/679, de 27 de abril (GDPR), y la Ley Org\u00e1nica 3\/2018, de 5 de diciembre...","og_url":"https:\/\/rochadvocat.com\/politica-privacitat\/","og_site_name":"Marius Roch Advocat","article_modified_time":"2025-01-08T13:58:42+00:00","twitter_card":"summary_large_image","twitter_misc":{"Tiempo de lectura":"4 minutos"},"schema":{"@context":"https:\/\/schema.org","@graph":[{"@type":"WebPage","@id":"https:\/\/rochadvocat.com\/politica-privacitat\/","url":"https:\/\/rochadvocat.com\/politica-privacitat\/","name":"Pol\u00edtica de Privacidad - Marius Roch Advocat","isPartOf":{"@id":"https:\/\/rochadvocat.com\/#website"},"datePublished":"2022-09-11T20:59:55+00:00","dateModified":"2025-01-08T13:58:42+00:00","breadcrumb":{"@id":"https:\/\/rochadvocat.com\/politica-privacitat\/#breadcrumb"},"inLanguage":"es","potentialAction":[{"@type":"ReadAction","target":["https:\/\/rochadvocat.com\/politica-privacitat\/"]}]},{"@type":"BreadcrumbList","@id":"https:\/\/rochadvocat.com\/politica-privacitat\/#breadcrumb","itemListElement":[{"@type":"ListItem","position":1,"name":"Home","item":"https:\/\/rochadvocat.com\/small-law-firm\/"},{"@type":"ListItem","position":2,"name":"Pol\u00edtica de Privacidad"}]},{"@type":"WebSite","@id":"https:\/\/rochadvocat.com\/#website","url":"https:\/\/rochadvocat.com\/","name":"Marius Roch Advocat","description":"Advocat penalista en exercici a la ciutat de Barcelona","publisher":{"@id":"https:\/\/rochadvocat.com\/#organization"},"potentialAction":[{"@type":"SearchAction","target":{"@type":"EntryPoint","urlTemplate":"https:\/\/rochadvocat.com\/?s={search_term_string}"},"query-input":{"@type":"PropertyValueSpecification","valueRequired":true,"valueName":"search_term_string"}}],"inLanguage":"es"},{"@type":"Organization","@id":"https:\/\/rochadvocat.com\/#organization","name":"Marius Roch Advocat","url":"https:\/\/rochadvocat.com\/","logo":{"@type":"ImageObject","inLanguage":"es","@id":"https:\/\/rochadvocat.com\/#\/schema\/logo\/image\/","url":"https:\/\/rochadvocat.com\/wp-content\/uploads\/2022\/09\/Recurso-18.svg","contentUrl":"https:\/\/rochadvocat.com\/wp-content\/uploads\/2022\/09\/Recurso-18.svg","width":616,"height":54,"caption":"Marius Roch Advocat"},"image":{"@id":"https:\/\/rochadvocat.com\/#\/schema\/logo\/image\/"}}]}},"_links":{"self":[{"href":"https:\/\/rochadvocat.com\/es\/wp-json\/wp\/v2\/pages\/989854","targetHints":{"allow":["GET"]}}],"collection":[{"href":"https:\/\/rochadvocat.com\/es\/wp-json\/wp\/v2\/pages"}],"about":[{"href":"https:\/\/rochadvocat.com\/es\/wp-json\/wp\/v2\/types\/page"}],"author":[{"embeddable":true,"href":"https:\/\/rochadvocat.com\/es\/wp-json\/wp\/v2\/users\/1"}],"replies":[{"embeddable":true,"href":"https:\/\/rochadvocat.com\/es\/wp-json\/wp\/v2\/comments?post=989854"}],"version-history":[{"count":10,"href":"https:\/\/rochadvocat.com\/es\/wp-json\/wp\/v2\/pages\/989854\/revisions"}],"predecessor-version":[{"id":991180,"href":"https:\/\/rochadvocat.com\/es\/wp-json\/wp\/v2\/pages\/989854\/revisions\/991180"}],"wp:attachment":[{"href":"https:\/\/rochadvocat.com\/es\/wp-json\/wp\/v2\/media?parent=989854"}],"curies":[{"name":"wp","href":"https:\/\/api.w.org\/{rel}","templated":true}]}}