{"id":989853,"date":"2024-10-18T12:23:33","date_gmt":"2024-10-18T12:23:33","guid":{"rendered":"https:\/\/rochadvocat.com\/politica-de-cookies\/"},"modified":"2024-11-14T12:52:14","modified_gmt":"2024-11-14T12:52:14","slug":"politica-de-cookies","status":"publish","type":"page","link":"https:\/\/rochadvocat.com\/es\/politica-de-cookies\/","title":{"rendered":"Pol\u00edtica de Cookies"},"content":{"rendered":"\t\t<div data-elementor-type=\"wp-page\" data-elementor-id=\"989853\" class=\"elementor elementor-989853 elementor-988625\" data-elementor-post-type=\"page\">\n\t\t\t\t\t\t<section class=\"elementor-section elementor-top-section elementor-element elementor-element-1605c8ea elementor-section-boxed elementor-section-height-default elementor-section-height-default\" data-id=\"1605c8ea\" data-element_type=\"section\" data-e-type=\"section\">\n\t\t\t\t\t\t<div class=\"elementor-container elementor-column-gap-no\">\n\t\t\t\t\t<div class=\"elementor-column elementor-col-50 elementor-top-column elementor-element elementor-element-7fcc2c82\" data-id=\"7fcc2c82\" data-element_type=\"column\" data-e-type=\"column\">\n\t\t\t<div class=\"elementor-widget-wrap elementor-element-populated\">\n\t\t\t\t\t\t\t<\/div>\n\t\t<\/div>\n\t\t\t\t<div class=\"elementor-column elementor-col-50 elementor-top-column elementor-element elementor-element-22a470e3\" data-id=\"22a470e3\" data-element_type=\"column\" data-e-type=\"column\">\n\t\t\t<div class=\"elementor-widget-wrap\">\n\t\t\t\t\t\t\t<\/div>\n\t\t<\/div>\n\t\t\t\t\t<\/div>\n\t\t<\/section>\n\t\t\t\t<section class=\"elementor-section elementor-top-section elementor-element elementor-element-b1fbfb5 elementor-section-boxed elementor-section-height-default elementor-section-height-default\" data-id=\"b1fbfb5\" data-element_type=\"section\" data-e-type=\"section\">\n\t\t\t\t\t\t<div class=\"elementor-container elementor-column-gap-no\">\n\t\t\t\t\t<div class=\"elementor-column elementor-col-100 elementor-top-column elementor-element elementor-element-309aad45\" data-id=\"309aad45\" data-element_type=\"column\" data-e-type=\"column\">\n\t\t\t<div class=\"elementor-widget-wrap elementor-element-populated\">\n\t\t\t\t\t\t<div class=\"elementor-element elementor-element-2b8086a4 elementor-widget elementor-widget-text-editor\" data-id=\"2b8086a4\" data-element_type=\"widget\" data-e-type=\"widget\" data-widget_type=\"text-editor.default\">\n\t\t\t\t<div class=\"elementor-widget-container\">\n\t\t\t\t\t\t\t\t\t<p>Mediante la presente pol\u00edtica de cookies, M\u00e0rius Roch pretende informarlo de manera clara y precisa sobre las cookies que se utilizan en la p\u00e1gina web https:\/\/rochadvocat.com<br \/>Las cookies son peque\u00f1os ficheros de datos que se generan, descargan y almacenan al navegador del usuario y que permiten que sea el propio usuario el que almacene la informaci\u00f3n que genera su actividad en la red y que permite que el sitio web recuerde informaci\u00f3n sobre su visita para facilitar su pr\u00f3xima visita y permitir que el sitio web le resulte m\u00e1s \u00fatil.<br \/>As\u00ed pues, las cookies permiten en la p\u00e1gina web almacenar y recuperar informaci\u00f3n sobre los h\u00e1bitos de navegaci\u00f3n de un usuario o de su equipo y, dependiendo de la informaci\u00f3n obtenida, se pueden utilizar para reconocer al usuario y mejorar el servicio ofrecido.<br \/>El sitio web https:\/\/rochadvocat.com utiliza cookies propias y de terceros por el correcto funcionamiento de la p\u00e1gina web. Usted puede permitir su uso o cambiar su configuraci\u00f3n desde su navegador siempre que lo desee.<\/p>\t\t\t\t\t\t\t\t<\/div>\n\t\t\t\t<\/div>\n\t\t\t\t<div class=\"elementor-element elementor-element-10aadea elementor-widget elementor-widget-heading\" data-id=\"10aadea\" data-element_type=\"widget\" data-e-type=\"widget\" data-widget_type=\"heading.default\">\n\t\t\t\t<div class=\"elementor-widget-container\">\n\t\t\t\t\t<h3 class=\"elementor-heading-title elementor-size-default\">Tipo de Cookies<\/h3>\t\t\t\t<\/div>\n\t\t\t\t<\/div>\n\t\t\t\t<div class=\"elementor-element elementor-element-5c10738f elementor-widget elementor-widget-text-editor\" data-id=\"5c10738f\" data-element_type=\"widget\" data-e-type=\"widget\" data-widget_type=\"text-editor.default\">\n\t\t\t\t<div class=\"elementor-widget-container\">\n\t\t\t\t\t\t\t\t\t<p>Seg\u00fan qui\u00e9n sea la entidad que gestiona el dominio desde donde se env\u00edan las cookies y trate los datos que se obtengan, podemos distinguir entre:<\/p><ul class=\"wp-block-list\"><li><strong>Cookies propias:<\/strong> son aquellas que se env\u00edan al ordenador del usuario desde un equipo o dominio gestionado por el propio editor y desde el que se presta el servicio solicitado por el usuario.<\/li><li><strong>Cookies de terceros:<\/strong> son aquellas que se env\u00edan al ordenador del usuario desde un equipo o dominio gestionado por una entidad que trata los datos obtenidos a trav\u00e9s de las cookies, pero que no es el equipo o dominio del editor.<\/li><\/ul><p>Tambi\u00e9n existe una segunda clasificaci\u00f3n seg\u00fan el plazo de tiempo que las cookies permanecen almacenadas en el navegador del usuario. Estas cookies son:<\/p><ul class=\"wp-block-list\"><li><strong>Cookies de sesi\u00f3n:<\/strong> son dise\u00f1adas para recopilar y almacenar datos mientras el usuario navega por la p\u00e1gina web. Normalmente se utilizan para recopilar datos que \u00fanicamente interesa conservar por la prestaci\u00f3n del servicio solicitado por el usuario en una sola ocasi\u00f3n (por ejemplo, la lista de productos adquiridos).<\/li><li><strong>Cookies persistentes:<\/strong> son aquellas que recopilas y almacenan datos que permanecen almacenadas al dispositivo y pueden ser accedidas y tratadas durante un periodo definido por el responsable de la cookie y que puede ser un plazo de tiempo desde unos minutos hasta varios a\u00f1os.<\/li><\/ul><p>Finalmente, existe una tercera clasificaci\u00f3n seg\u00fan la finalidad por la cual se tratan los datos obtenidos mediante las cookies:<\/p><ul class=\"wp-block-list\"><li><strong>Cookies t\u00e9cnicas:<\/strong> son las que permiten al usuario la navegaci\u00f3n a trav\u00e9s de la p\u00e1gina web, plataforma o aplicaci\u00f3n y el uso de las diferentes opciones o servicios existentes en esta.<\/li><li><strong>Cookies de personalizaci\u00f3n:<\/strong> son las que permiten al usuario acceder al servicio con algunas caracter\u00edsticas de car\u00e1cter general predefinidas en funci\u00f3n de una serie de criterios establecidos en el ordenador del usuario.<\/li><li><strong>Cookies de an\u00e1lisis:<\/strong> permiten al responsable de las mismas el seguimiento y an\u00e1lisis del comportamiento de los usuarios de los sitios web a que est\u00e1n vinculadas estas cookies. La informaci\u00f3n recogida mediante este tipo de cookies se utiliza para la elaboraci\u00f3n de perfiles de navegaci\u00f3n de los usuarios del sitio web. Se tiene que informar y el usuario tiene que dar consentimiento.<\/li><li><strong>Cookies publicitarias:<\/strong> permiten la gesti\u00f3n, de la manera m\u00e1s eficaz posible, de los espacios publicitarios.<\/li><li><strong>Cookies de publicidad comportamental:<\/strong> almacenan informaci\u00f3n del comportamiento de los usuarios obtenida a trav\u00e9s de la observaci\u00f3n continuada de sus h\u00e1bitos de navegaci\u00f3n. Esto permite desarrollar un perfil espec\u00edfico para mostrar publicidad en funci\u00f3n de este.<\/li><li><strong>Cookies de redes sociales externas:<\/strong> se utilizan para que los visitantes del sitio web puedan interactuar con el contenido de diferentes redes sociales, como por ejemplo, facebook, instagram, twitter, linkedin, youtube, etc. y que se generan y se almacenan \u00fanicamente por los usuarios de estas redes sociales.<\/li><\/ul><p>Cookies utilizadas en la p\u00e1gina web https:\/\/rochadvocat.com<br \/>El sitio web https:\/\/rochadvocat.c\u00f3mo utiliza las siguientes cookies:<\/p><figure class=\"wp-block-table\"><table><tbody><tr><td><strong>Denominaci\u00f3n<\/strong><\/td><td><strong>\u00a0Titular<\/strong><\/td><td><strong>\u00a0Duraci\u00f3n<\/strong><\/td><td><strong>\u00a0Finalidad<\/strong><\/td><\/tr><tr><td><strong>_ga<\/strong><\/td><td>Google<\/td><td>Anual<\/td><td>Servicio Google Analytics para distinguir usuarios \u00fanicos<\/td><\/tr><tr><td><strong>_gid<\/strong><\/td><td>Google<\/td><td>Anual<\/td><td>Servicio Google Analytics para distinguir usuarios<\/td><\/tr><tr><td><strong>_gato<\/strong><\/td><td>Google<\/td><td>Anual<\/td><td>Servicio de Google Analytics<\/td><\/tr><\/tbody><\/table><\/figure><p>\u00a0<\/p><p><strong>Gesti\u00f3n de uso de cookies.<\/strong><br \/>Sin perjuicio del anterior, el usuario tiene la posibilidad de configurar su navegador para aceptar, rechazar, bloquear o eliminar las cookies instaladas a su ordenador. Por eso, le sugerimos la secci\u00f3n de ayuda de su navegador web por saber c\u00f3mo cambiar la configuraci\u00f3n que actualmente utiliza.<br \/>As\u00ed mismo, tiene la posibilidad de revocar en cualquier momento el consentimiento prestado para la utilizaci\u00f3n de cookies por parte de M\u00e0rius Roch, configurando su navegador.<br \/>Tenga en cuenta que deshabilitar las cookies podr\u00eda afectar al correcto funcionamiento de determinadas secciones del sitio web. En este sentido, consulte las instrucciones y manuales de su navegador para ampliar esta informaci\u00f3n:<br \/>\u2013 Si utiliza Microsoft Internet Explorer, tiene que acceder a la opci\u00f3n de men\u00fa Herramientas \u2013 Opciones de Internet \u2013 Privacidad.<br \/>\u2013 Si utiliza Firefox para Mac, tiene que acceder a la opci\u00f3n de men\u00fa Preferencias \u2013 Privacidad \u2013 Mostrar cookies.<br \/>\u2013 Si utiliza Firefox para Windows, tiene que acceder a la opci\u00f3n de men\u00fa Herramientas \u2013 Opciones \u2013 Privacidad \u2013 Utilizar una configuraci\u00f3n personalizada para el historial.<br \/>\u2013 Si utiliza Safari, tiene que acceder a la opci\u00f3n de men\u00fa Preferencias \u2013 Privacidad.<br \/>\u2013 Si utiliza Google Chrome, tiene que acceder a la opci\u00f3n de men\u00fa Herramientas \u2013 Opciones (Preferencias a Mac) \u2013 Avanzadas \u2013 Privacidad \u2013 Configuraci\u00f3n de contenido \u2013 Cookies.<\/p>\t\t\t\t\t\t\t\t<\/div>\n\t\t\t\t<\/div>\n\t\t\t\t\t<\/div>\n\t\t<\/div>\n\t\t\t\t\t<\/div>\n\t\t<\/section>\n\t\t\t\t<\/div>\n\t\t","protected":false},"excerpt":{"rendered":"<p>Mediante la presente pol\u00edtica de cookies, M\u00e0rius Roch pretende informarlo de manera clara y precisa sobre las cookies que se utilizan en la p\u00e1gina web https:\/\/rochadvocat.comLas cookies son peque\u00f1os ficheros de datos que se generan, descargan y almacenan al navegador del usuario y que permiten que sea el propio usuario el que almacene la informaci\u00f3n&#8230;<\/p>\n","protected":false},"author":1,"featured_media":0,"parent":0,"menu_order":0,"comment_status":"closed","ping_status":"closed","template":"","meta":{"footnotes":""},"class_list":["post-989853","page","type-page","status-publish","hentry"],"yoast_head":"<!-- This site is optimized with the Yoast SEO plugin v27.0 - https:\/\/yoast.com\/product\/yoast-seo-wordpress\/ -->\n<title>Pol\u00edtica de Cookies - Marius Roch Advocat<\/title>\n<meta name=\"robots\" content=\"index, follow, max-snippet:-1, max-image-preview:large, max-video-preview:-1\" \/>\n<link rel=\"canonical\" href=\"https:\/\/rochadvocat.com\/politica-de-cookies\/\" \/>\n<meta property=\"og:locale\" content=\"es_ES\" \/>\n<meta property=\"og:type\" content=\"article\" \/>\n<meta property=\"og:title\" content=\"Pol\u00edtica de Cookies - Marius Roch Advocat\" \/>\n<meta property=\"og:description\" content=\"Mediante la presente pol\u00edtica de cookies, M\u00e0rius Roch pretende informarlo de manera clara y precisa sobre las cookies que se utilizan en la p\u00e1gina web https:\/\/rochadvocat.comLas cookies son peque\u00f1os ficheros de datos que se generan, descargan y almacenan al navegador del usuario y que permiten que sea el propio usuario el que almacene la informaci\u00f3n...\" \/>\n<meta property=\"og:url\" content=\"https:\/\/rochadvocat.com\/politica-de-cookies\/\" \/>\n<meta property=\"og:site_name\" content=\"Marius Roch Advocat\" \/>\n<meta property=\"article:modified_time\" content=\"2024-11-14T12:52:14+00:00\" \/>\n<meta name=\"twitter:card\" content=\"summary_large_image\" \/>\n<meta name=\"twitter:label1\" content=\"Tiempo de lectura\" \/>\n\t<meta name=\"twitter:data1\" content=\"5 minutos\" \/>\n<script type=\"application\/ld+json\" class=\"yoast-schema-graph\">{\"@context\":\"https:\/\/schema.org\",\"@graph\":[{\"@type\":\"WebPage\",\"@id\":\"https:\/\/rochadvocat.com\/politica-de-cookies\/\",\"url\":\"https:\/\/rochadvocat.com\/politica-de-cookies\/\",\"name\":\"Pol\u00edtica de Cookies - Marius Roch Advocat\",\"isPartOf\":{\"@id\":\"https:\/\/rochadvocat.com\/#website\"},\"datePublished\":\"2024-10-18T12:23:33+00:00\",\"dateModified\":\"2024-11-14T12:52:14+00:00\",\"breadcrumb\":{\"@id\":\"https:\/\/rochadvocat.com\/politica-de-cookies\/#breadcrumb\"},\"inLanguage\":\"es\",\"potentialAction\":[{\"@type\":\"ReadAction\",\"target\":[\"https:\/\/rochadvocat.com\/politica-de-cookies\/\"]}]},{\"@type\":\"BreadcrumbList\",\"@id\":\"https:\/\/rochadvocat.com\/politica-de-cookies\/#breadcrumb\",\"itemListElement\":[{\"@type\":\"ListItem\",\"position\":1,\"name\":\"Home\",\"item\":\"https:\/\/rochadvocat.com\/small-law-firm\/\"},{\"@type\":\"ListItem\",\"position\":2,\"name\":\"Pol\u00edtica de Cookies\"}]},{\"@type\":\"WebSite\",\"@id\":\"https:\/\/rochadvocat.com\/#website\",\"url\":\"https:\/\/rochadvocat.com\/\",\"name\":\"Marius Roch Advocat\",\"description\":\"Advocat penalista en exercici a la ciutat de Barcelona\",\"publisher\":{\"@id\":\"https:\/\/rochadvocat.com\/#organization\"},\"potentialAction\":[{\"@type\":\"SearchAction\",\"target\":{\"@type\":\"EntryPoint\",\"urlTemplate\":\"https:\/\/rochadvocat.com\/?s={search_term_string}\"},\"query-input\":{\"@type\":\"PropertyValueSpecification\",\"valueRequired\":true,\"valueName\":\"search_term_string\"}}],\"inLanguage\":\"es\"},{\"@type\":\"Organization\",\"@id\":\"https:\/\/rochadvocat.com\/#organization\",\"name\":\"Marius Roch Advocat\",\"url\":\"https:\/\/rochadvocat.com\/\",\"logo\":{\"@type\":\"ImageObject\",\"inLanguage\":\"es\",\"@id\":\"https:\/\/rochadvocat.com\/#\/schema\/logo\/image\/\",\"url\":\"https:\/\/rochadvocat.com\/wp-content\/uploads\/2022\/09\/Recurso-18.svg\",\"contentUrl\":\"https:\/\/rochadvocat.com\/wp-content\/uploads\/2022\/09\/Recurso-18.svg\",\"width\":616,\"height\":54,\"caption\":\"Marius Roch Advocat\"},\"image\":{\"@id\":\"https:\/\/rochadvocat.com\/#\/schema\/logo\/image\/\"}}]}<\/script>\n<!-- \/ Yoast SEO plugin. -->","yoast_head_json":{"title":"Pol\u00edtica de Cookies - Marius Roch Advocat","robots":{"index":"index","follow":"follow","max-snippet":"max-snippet:-1","max-image-preview":"max-image-preview:large","max-video-preview":"max-video-preview:-1"},"canonical":"https:\/\/rochadvocat.com\/politica-de-cookies\/","og_locale":"es_ES","og_type":"article","og_title":"Pol\u00edtica de Cookies - Marius Roch Advocat","og_description":"Mediante la presente pol\u00edtica de cookies, M\u00e0rius Roch pretende informarlo de manera clara y precisa sobre las cookies que se utilizan en la p\u00e1gina web https:\/\/rochadvocat.comLas cookies son peque\u00f1os ficheros de datos que se generan, descargan y almacenan al navegador del usuario y que permiten que sea el propio usuario el que almacene la informaci\u00f3n...","og_url":"https:\/\/rochadvocat.com\/politica-de-cookies\/","og_site_name":"Marius Roch Advocat","article_modified_time":"2024-11-14T12:52:14+00:00","twitter_card":"summary_large_image","twitter_misc":{"Tiempo de lectura":"5 minutos"},"schema":{"@context":"https:\/\/schema.org","@graph":[{"@type":"WebPage","@id":"https:\/\/rochadvocat.com\/politica-de-cookies\/","url":"https:\/\/rochadvocat.com\/politica-de-cookies\/","name":"Pol\u00edtica de Cookies - Marius Roch Advocat","isPartOf":{"@id":"https:\/\/rochadvocat.com\/#website"},"datePublished":"2024-10-18T12:23:33+00:00","dateModified":"2024-11-14T12:52:14+00:00","breadcrumb":{"@id":"https:\/\/rochadvocat.com\/politica-de-cookies\/#breadcrumb"},"inLanguage":"es","potentialAction":[{"@type":"ReadAction","target":["https:\/\/rochadvocat.com\/politica-de-cookies\/"]}]},{"@type":"BreadcrumbList","@id":"https:\/\/rochadvocat.com\/politica-de-cookies\/#breadcrumb","itemListElement":[{"@type":"ListItem","position":1,"name":"Home","item":"https:\/\/rochadvocat.com\/small-law-firm\/"},{"@type":"ListItem","position":2,"name":"Pol\u00edtica de Cookies"}]},{"@type":"WebSite","@id":"https:\/\/rochadvocat.com\/#website","url":"https:\/\/rochadvocat.com\/","name":"Marius Roch Advocat","description":"Advocat penalista en exercici a la ciutat de Barcelona","publisher":{"@id":"https:\/\/rochadvocat.com\/#organization"},"potentialAction":[{"@type":"SearchAction","target":{"@type":"EntryPoint","urlTemplate":"https:\/\/rochadvocat.com\/?s={search_term_string}"},"query-input":{"@type":"PropertyValueSpecification","valueRequired":true,"valueName":"search_term_string"}}],"inLanguage":"es"},{"@type":"Organization","@id":"https:\/\/rochadvocat.com\/#organization","name":"Marius Roch Advocat","url":"https:\/\/rochadvocat.com\/","logo":{"@type":"ImageObject","inLanguage":"es","@id":"https:\/\/rochadvocat.com\/#\/schema\/logo\/image\/","url":"https:\/\/rochadvocat.com\/wp-content\/uploads\/2022\/09\/Recurso-18.svg","contentUrl":"https:\/\/rochadvocat.com\/wp-content\/uploads\/2022\/09\/Recurso-18.svg","width":616,"height":54,"caption":"Marius Roch Advocat"},"image":{"@id":"https:\/\/rochadvocat.com\/#\/schema\/logo\/image\/"}}]}},"_links":{"self":[{"href":"https:\/\/rochadvocat.com\/es\/wp-json\/wp\/v2\/pages\/989853","targetHints":{"allow":["GET"]}}],"collection":[{"href":"https:\/\/rochadvocat.com\/es\/wp-json\/wp\/v2\/pages"}],"about":[{"href":"https:\/\/rochadvocat.com\/es\/wp-json\/wp\/v2\/types\/page"}],"author":[{"embeddable":true,"href":"https:\/\/rochadvocat.com\/es\/wp-json\/wp\/v2\/users\/1"}],"replies":[{"embeddable":true,"href":"https:\/\/rochadvocat.com\/es\/wp-json\/wp\/v2\/comments?post=989853"}],"version-history":[{"count":9,"href":"https:\/\/rochadvocat.com\/es\/wp-json\/wp\/v2\/pages\/989853\/revisions"}],"predecessor-version":[{"id":989881,"href":"https:\/\/rochadvocat.com\/es\/wp-json\/wp\/v2\/pages\/989853\/revisions\/989881"}],"wp:attachment":[{"href":"https:\/\/rochadvocat.com\/es\/wp-json\/wp\/v2\/media?parent=989853"}],"curies":[{"name":"wp","href":"https:\/\/api.w.org\/{rel}","templated":true}]}}