{"id":989820,"date":"2024-10-18T12:15:43","date_gmt":"2024-10-18T12:15:43","guid":{"rendered":"https:\/\/rochadvocat.com\/avis-legal\/"},"modified":"2025-01-09T10:24:59","modified_gmt":"2025-01-09T10:24:59","slug":"avis-legal","status":"publish","type":"page","link":"https:\/\/rochadvocat.com\/es\/avis-legal\/","title":{"rendered":"Aviso Legal"},"content":{"rendered":"\t\t<div data-elementor-type=\"wp-page\" data-elementor-id=\"989820\" class=\"elementor elementor-989820 elementor-988620\" data-elementor-post-type=\"page\">\n\t\t\t\t\t\t<section class=\"elementor-section elementor-top-section elementor-element elementor-element-1605c8ea elementor-section-boxed elementor-section-height-default elementor-section-height-default\" data-id=\"1605c8ea\" data-element_type=\"section\" data-e-type=\"section\">\n\t\t\t\t\t\t<div class=\"elementor-container elementor-column-gap-no\">\n\t\t\t\t\t<div class=\"elementor-column elementor-col-50 elementor-top-column elementor-element elementor-element-7fcc2c82\" data-id=\"7fcc2c82\" data-element_type=\"column\" data-e-type=\"column\">\n\t\t\t<div class=\"elementor-widget-wrap elementor-element-populated\">\n\t\t\t\t\t\t\t<\/div>\n\t\t<\/div>\n\t\t\t\t<div class=\"elementor-column elementor-col-50 elementor-top-column elementor-element elementor-element-22a470e3\" data-id=\"22a470e3\" data-element_type=\"column\" data-e-type=\"column\">\n\t\t\t<div class=\"elementor-widget-wrap\">\n\t\t\t\t\t\t\t<\/div>\n\t\t<\/div>\n\t\t\t\t\t<\/div>\n\t\t<\/section>\n\t\t\t\t<section class=\"elementor-section elementor-top-section elementor-element elementor-element-b1fbfb5 elementor-section-boxed elementor-section-height-default elementor-section-height-default\" data-id=\"b1fbfb5\" data-element_type=\"section\" data-e-type=\"section\">\n\t\t\t\t\t\t<div class=\"elementor-container elementor-column-gap-no\">\n\t\t\t\t\t<div class=\"elementor-column elementor-col-100 elementor-top-column elementor-element elementor-element-309aad45\" data-id=\"309aad45\" data-element_type=\"column\" data-e-type=\"column\">\n\t\t\t<div class=\"elementor-widget-wrap elementor-element-populated\">\n\t\t\t\t\t\t<div class=\"elementor-element elementor-element-1a229f96 elementor-widget elementor-widget-heading\" data-id=\"1a229f96\" data-element_type=\"widget\" data-e-type=\"widget\" data-widget_type=\"heading.default\">\n\t\t\t\t<div class=\"elementor-widget-container\">\n\t\t\t\t\t<h3 class=\"elementor-heading-title elementor-size-default\">Qui \u00e9s el responsable del tractament de les seves dades personals?<\/h3>\t\t\t\t<\/div>\n\t\t\t\t<\/div>\n\t\t\t\t<div class=\"elementor-element elementor-element-2b8086a4 elementor-widget elementor-widget-text-editor\" data-id=\"2b8086a4\" data-element_type=\"widget\" data-e-type=\"widget\" data-widget_type=\"text-editor.default\">\n\t\t\t\t<div class=\"elementor-widget-container\">\n\t\t\t\t\t\t\t\t\t<p>M\u00e0rius Roch<span style=\"caret-color: #666b68; color: #666b68; font-family: 'Plus Jakarta Sans Local', sans-serif; font-size: 17px; font-style: normal; font-variant-caps: normal; background-color: #ffffff; letter-spacing: var(--vamtam-primary-font-letter-spacing-desktop,normal); text-transform: var(--vamtam-primary-font-transform,none); text-decoration: var(--vamtam-primary-font-decoration,none);\"> 35115946Y, en endavant RESPONSABLE \u00a0\u00e9s el responsable del tractament de les dades personals que vost\u00e8 ens proporciona i es responsabilitza de les referides dades personals d\u2019acord amb la normativa aplicable en mat\u00e8ria de protecci\u00f3 de dades.<\/span><\/p>\n<p><span style=\"font-style: normal; font-variant-caps: normal; caret-color: #666b68; color: #666b68; font-family: 'Plus Jakarta Sans Local', sans-serif; font-size: 17px; background-color: #ffffff;\">M\u00c0RIUS ROCH amb domicili social C\/ Sugranyes, 39 1r 8a 08036 Barcelona Espa\u00f1a; amb DNI n\u00famero <span style=\"caret-color: #666b68; color: #666b68; font-family: 'Plus Jakarta Sans Local', sans-serif; font-size: 17px; font-style: normal; font-variant-caps: normal; background-color: #ffffff; letter-spacing: var(--vamtam-primary-font-letter-spacing-desktop,normal); text-transform: var(--vamtam-primary-font-transform,none); text-decoration: var(--vamtam-primary-font-decoration,none);\">35115946Y<\/span><\/span><br style=\"caret-color: #666b68; color: #666b68; font-family: 'Plus Jakarta Sans Local', sans-serif; font-size: 17px;\" \/><span style=\"font-style: normal; font-variant-caps: normal; caret-color: #666b68; color: #666b68; font-family: 'Plus Jakarta Sans Local', sans-serif; font-size: 17px; background-color: #ffffff;\">E-Mail de contacte m.roch@icab.cat<\/span><\/p>\n\t\t\t\t\t\t\t\t<\/div>\n\t\t\t\t<\/div>\n\t\t\t\t<div class=\"elementor-element elementor-element-10aadea elementor-widget elementor-widget-heading\" data-id=\"10aadea\" data-element_type=\"widget\" data-e-type=\"widget\" data-widget_type=\"heading.default\">\n\t\t\t\t<div class=\"elementor-widget-container\">\n\t\t\t\t\t<h3 class=\"elementor-heading-title elementor-size-default\">On emmagatzemem les seves dades?<\/h3>\t\t\t\t<\/div>\n\t\t\t\t<\/div>\n\t\t\t\t<div class=\"elementor-element elementor-element-5c10738f elementor-widget elementor-widget-text-editor\" data-id=\"5c10738f\" data-element_type=\"widget\" data-e-type=\"widget\" data-widget_type=\"text-editor.default\">\n\t\t\t\t<div class=\"elementor-widget-container\">\n\t\t\t\t\t\t\t\t\t<p>Les dades que recopilem sobre vost\u00e8 s\u2019emmagatzemen dins de l\u2019Espai Econ\u00f2mic Europeu (\u00abEEE\u00bb).<br \/>Qualsevol transfer\u00e8ncia de les seves dades personals ser\u00e0 realitzada de conformitat amb les lleis aplicables.<\/p>\n\t\t\t\t\t\t\t\t<\/div>\n\t\t\t\t<\/div>\n\t\t\t\t<div class=\"elementor-element elementor-element-58926741 elementor-widget elementor-widget-heading\" data-id=\"58926741\" data-element_type=\"widget\" data-e-type=\"widget\" data-widget_type=\"heading.default\">\n\t\t\t\t<div class=\"elementor-widget-container\">\n\t\t\t\t\t<h3 class=\"elementor-heading-title elementor-size-default\">A qui comuniquem les seves dades?<\/h3>\t\t\t\t<\/div>\n\t\t\t\t<\/div>\n\t\t\t\t<div class=\"elementor-element elementor-element-5136ef11 elementor-widget elementor-widget-text-editor\" data-id=\"5136ef11\" data-element_type=\"widget\" data-e-type=\"widget\" data-widget_type=\"text-editor.default\">\n\t\t\t\t<div class=\"elementor-widget-container\">\n\t\t\t\t\t\t\t\t\t<p>Les seves dades poden ser compartides per l\u2019empresa de M\u00e0rius Roch. Mai passem, venem ni intercanviem les seves dades personals amb terceres parts. Les dades que s\u2019envi\u00efn a tercers, s\u2019utilitzaran \u00fanicament per oferir-li a vost\u00e8 els nostres serveis. Li detallarem les categories de tercers que accedeixen a les seves dades per a cada activitat de tractament espec\u00edfica.<\/p>\n\t\t\t\t\t\t\t\t<\/div>\n\t\t\t\t<\/div>\n\t\t\t\t<div class=\"elementor-element elementor-element-5e430ed7 elementor-widget elementor-widget-heading\" data-id=\"5e430ed7\" data-element_type=\"widget\" data-e-type=\"widget\" data-widget_type=\"heading.default\">\n\t\t\t\t<div class=\"elementor-widget-container\">\n\t\t\t\t\t<h3 class=\"elementor-heading-title elementor-size-default\">Quina \u00e9s la base legal per al tractament de les seves dades personals?<\/h3>\t\t\t\t<\/div>\n\t\t\t\t<\/div>\n\t\t\t\t<div class=\"elementor-element elementor-element-622bb701 elementor-widget elementor-widget-text-editor\" data-id=\"622bb701\" data-element_type=\"widget\" data-e-type=\"widget\" data-widget_type=\"text-editor.default\">\n\t\t\t\t<div class=\"elementor-widget-container\">\n\t\t\t\t\t\t\t\t\t<p>En cada tractament espec\u00edfic de dades personals recopilades sobre vost\u00e8, li informarem si la comunicaci\u00f3 de dades personals \u00e9s un requisit legal o contractual, o un requisit necessari per subscriure un contracte, i si est\u00e0 obligat a facilitar les dades personals, aix\u00ed com de les possibles conseq\u00fc\u00e8ncies de no facilitar tals dades.<\/p>\n\t\t\t\t\t\t\t\t<\/div>\n\t\t\t\t<\/div>\n\t\t\t\t<div class=\"elementor-element elementor-element-531339fc elementor-widget elementor-widget-heading\" data-id=\"531339fc\" data-element_type=\"widget\" data-e-type=\"widget\" data-widget_type=\"heading.default\">\n\t\t\t\t<div class=\"elementor-widget-container\">\n\t\t\t\t\t<h3 class=\"elementor-heading-title elementor-size-default\">Quins s\u00f3n els seus drets?<\/h3>\t\t\t\t<\/div>\n\t\t\t\t<\/div>\n\t\t\t\t<div class=\"elementor-element elementor-element-7ef4734 elementor-widget elementor-widget-text-editor\" data-id=\"7ef4734\" data-element_type=\"widget\" data-e-type=\"widget\" data-widget_type=\"text-editor.default\">\n\t\t\t\t<div class=\"elementor-widget-container\">\n\t\t\t\t\t\t\t\t\t<p><strong>Dret d\u2019acc\u00e9s:<\/strong><br \/>Qualsevol persona t\u00e9 dret a obtenir confirmaci\u00f3 sobre si a M\u00e0rius Roch Advocat estem tractant dades personals que els concerneixin, o no. Pot contactar a m.roch@icab.cat que li remetr\u00e0 les dades personals que tractem sobre vost\u00e8 per email.<\/p>\n<p><strong>Dret de portabilitat:<\/strong><br \/>Sempre que M\u00e0rius Roch Advocat processi les seves dades personals a trav\u00e9s de mitjans automatitzats sobre la base del seu consentiment o a un acord, vost\u00e8 t\u00e9 dret a obtenir una c\u00f2pia de les seves dades en un format estructurat, d\u2019\u00fas com\u00fa i lectura mec\u00e0nica transferida al seu nom o a un tercer. En ella s\u2019inclouran \u00fanicament les dades personals que vost\u00e8 ens hagi facilitat.<\/p>\n<p><strong>Dret de rectificaci\u00f3:<\/strong><br \/>Vost\u00e8 t\u00e9 dret a sol\u00b7licitar la rectificaci\u00f3 de les seves dades personals si s\u00f3n inexactes, incloent el dret a completar dades que figurin incomplets.<\/p>\n<p><strong>Dret de supressi\u00f3:<\/strong><br \/>Vost\u00e8 t\u00e9 dret a obtenir sense dilaci\u00f3 indeguda la supressi\u00f3 de qualsevol dada personal seva tractada per M\u00e0rius Roch Advocat en qualsevol moment, excepte en les seg\u00fcents situacions:<br \/>* t\u00e9 un deute pendent amb M\u00e0rius Roch Advocat, independentment del m\u00e8tode de pagament<br \/>* se sospita o est\u00e0 confirmat que ha utilitzat incorrectament els nostres serveis en els \u00faltims quatre anys<br \/>* ha contractat algun servei pel que conservarem les seves dades personals en relaci\u00f3 amb la transacci\u00f3 per normativa comptable.<\/p>\n<p><strong>Dret d\u2019oposici\u00f3 al tractament de dades en base a l\u2019inter\u00e8s leg\u00edtim:<\/strong><br \/>Vost\u00e8 t\u00e9 dret a oposar-se al tractament de les seves dades personals sobre la base de l\u2019inter\u00e8s leg\u00edtim de M\u00e0rius Roch Advocat. M\u00e0rius Roch Advocat no seguir\u00e0 tractant les dades personals tret que puguem acreditar motius leg\u00edtims imperiosos per al tractament que prevalguin sobre els seus interessos, drets i llibertats, o b\u00e9 per a la formulaci\u00f3, l\u2019exercici o la defensa de reclamacions.<\/p>\n<p><strong>Dret d\u2019oposici\u00f3 al marketing directe:<\/strong><br \/>Vost\u00e8 t\u00e9 dret a oposar-se al m\u00e0rqueting directe, incloent l\u2019elaboraci\u00f3 de perfils realitzada per a aquest m\u00e0rqueting directe.<br \/>Pot desvincular-se del m\u00e0rqueting directe en qualsevol moment de les seg\u00fcents maneres:<br \/>*seguint les indicacions facilitades a cada correu de m\u00e0rqueting<\/p>\n<p><strong>Dret a presentar una reclamaci\u00f3 davant d\u2019una autoritat de control:<\/strong><br \/>Si vost\u00e8 considera que M\u00e0rius Roch Advocat tracta les seves dades d\u2019una manera incorrecta, pot contactar amb nosaltres. Tamb\u00e9 t\u00e9 dret a presentar una queixa davant l\u2019autoritat de protecci\u00f3 de dades competent.<\/p>\n<p><strong>Dret a limitaci\u00f3 en el tractament:<\/strong><br \/>Vost\u00e8 t\u00e9 dret a sol\u00b7licitar que M\u00e0rius Roch Advocat limiti el tractament de les seves dades personals en les seg\u00fcents circumst\u00e0ncies:<br \/>* si vost\u00e8 s\u2019oposa al tractament de les seves dades sobre la base de l\u2019inter\u00e8s leg\u00edtim de M\u00e0rius Roch Advocat. M\u00e0rius Roch Advocat haur\u00e0 de limitar qualsevol tractament d\u2019aquestes dades a l\u2019espera de la verificaci\u00f3 de l\u2019inter\u00e8s leg\u00edtim.<br \/>* si vost\u00e8 reclama que les seves dades personals s\u00f3n incorrectes, M\u00e0rius Roch Advocat ha de limitar qualsevol tractament d\u2019aquestes dades fins que es verifiqui la precisi\u00f3 dels mateixos.<br \/>* si el tractament \u00e9s il\u00b7legal, vost\u00e8 podr\u00e0 oposar-se al fet que s\u2019eliminin les dades personals i, en el seu lloc, sol\u00b7licitar la limitaci\u00f3 del seu \u00fas.<br \/>* si M\u00e0rius Roch Advocat ja no necessita les dades personals, per\u00f2 vost\u00e8 els necessita per a la formulaci\u00f3, l\u2019exercici o la defensa de reclamacions.<\/p>\n<p><strong>Exercici de drets:<\/strong><br \/>Ens prenem seriosament la protecci\u00f3 de dades i, per tant, comptem amb personal de servei al client dedicat que s\u2019ocupa de les seves sol\u00b7licituds en relaci\u00f3 amb els drets abans esmentats. Sempre pot posar-se en contacte amb ells a: m.roch@icab.cat<\/p>\n\t\t\t\t\t\t\t\t<\/div>\n\t\t\t\t<\/div>\n\t\t\t\t\t<\/div>\n\t\t<\/div>\n\t\t\t\t\t<\/div>\n\t\t<\/section>\n\t\t\t\t<\/div>\n\t\t","protected":false},"excerpt":{"rendered":"<p>Qui \u00e9s el responsable del tractament de les seves dades personals? M\u00e0rius Roch 35115946Y, en endavant RESPONSABLE \u00a0\u00e9s el responsable del tractament de les dades personals que vost\u00e8 ens proporciona i es responsabilitza de les referides dades personals d\u2019acord amb la normativa aplicable en mat\u00e8ria de protecci\u00f3 de dades. M\u00c0RIUS ROCH amb domicili social C\/&#8230;<\/p>\n","protected":false},"author":1,"featured_media":0,"parent":0,"menu_order":0,"comment_status":"closed","ping_status":"closed","template":"","meta":{"footnotes":""},"class_list":["post-989820","page","type-page","status-publish","hentry"],"yoast_head":"<!-- This site is optimized with the Yoast SEO plugin v27.0 - https:\/\/yoast.com\/product\/yoast-seo-wordpress\/ -->\n<title>Aviso Legal - Marius Roch Advocat<\/title>\n<meta name=\"robots\" content=\"index, follow, max-snippet:-1, max-image-preview:large, max-video-preview:-1\" \/>\n<link rel=\"canonical\" href=\"https:\/\/rochadvocat.com\/avis-legal\/\" \/>\n<meta property=\"og:locale\" content=\"es_ES\" \/>\n<meta property=\"og:type\" content=\"article\" \/>\n<meta property=\"og:title\" content=\"Aviso Legal - Marius Roch Advocat\" \/>\n<meta property=\"og:description\" content=\"Qui \u00e9s el responsable del tractament de les seves dades personals? M\u00e0rius Roch 35115946Y, en endavant RESPONSABLE \u00a0\u00e9s el responsable del tractament de les dades personals que vost\u00e8 ens proporciona i es responsabilitza de les referides dades personals d\u2019acord amb la normativa aplicable en mat\u00e8ria de protecci\u00f3 de dades. M\u00c0RIUS ROCH amb domicili social C\/...\" \/>\n<meta property=\"og:url\" content=\"https:\/\/rochadvocat.com\/avis-legal\/\" \/>\n<meta property=\"og:site_name\" content=\"Marius Roch Advocat\" \/>\n<meta property=\"article:modified_time\" content=\"2025-01-09T10:24:59+00:00\" \/>\n<meta name=\"twitter:card\" content=\"summary_large_image\" \/>\n<meta name=\"twitter:label1\" content=\"Tiempo de lectura\" \/>\n\t<meta name=\"twitter:data1\" content=\"4 minutos\" \/>\n<script type=\"application\/ld+json\" class=\"yoast-schema-graph\">{\"@context\":\"https:\/\/schema.org\",\"@graph\":[{\"@type\":\"WebPage\",\"@id\":\"https:\/\/rochadvocat.com\/avis-legal\/\",\"url\":\"https:\/\/rochadvocat.com\/avis-legal\/\",\"name\":\"Aviso Legal - Marius Roch Advocat\",\"isPartOf\":{\"@id\":\"https:\/\/rochadvocat.com\/#website\"},\"datePublished\":\"2024-10-18T12:15:43+00:00\",\"dateModified\":\"2025-01-09T10:24:59+00:00\",\"breadcrumb\":{\"@id\":\"https:\/\/rochadvocat.com\/avis-legal\/#breadcrumb\"},\"inLanguage\":\"es\",\"potentialAction\":[{\"@type\":\"ReadAction\",\"target\":[\"https:\/\/rochadvocat.com\/avis-legal\/\"]}]},{\"@type\":\"BreadcrumbList\",\"@id\":\"https:\/\/rochadvocat.com\/avis-legal\/#breadcrumb\",\"itemListElement\":[{\"@type\":\"ListItem\",\"position\":1,\"name\":\"Home\",\"item\":\"https:\/\/rochadvocat.com\/small-law-firm\/\"},{\"@type\":\"ListItem\",\"position\":2,\"name\":\"Aviso Legal\"}]},{\"@type\":\"WebSite\",\"@id\":\"https:\/\/rochadvocat.com\/#website\",\"url\":\"https:\/\/rochadvocat.com\/\",\"name\":\"Marius Roch Advocat\",\"description\":\"Advocat penalista en exercici a la ciutat de Barcelona\",\"publisher\":{\"@id\":\"https:\/\/rochadvocat.com\/#organization\"},\"potentialAction\":[{\"@type\":\"SearchAction\",\"target\":{\"@type\":\"EntryPoint\",\"urlTemplate\":\"https:\/\/rochadvocat.com\/?s={search_term_string}\"},\"query-input\":{\"@type\":\"PropertyValueSpecification\",\"valueRequired\":true,\"valueName\":\"search_term_string\"}}],\"inLanguage\":\"es\"},{\"@type\":\"Organization\",\"@id\":\"https:\/\/rochadvocat.com\/#organization\",\"name\":\"Marius Roch Advocat\",\"url\":\"https:\/\/rochadvocat.com\/\",\"logo\":{\"@type\":\"ImageObject\",\"inLanguage\":\"es\",\"@id\":\"https:\/\/rochadvocat.com\/#\/schema\/logo\/image\/\",\"url\":\"https:\/\/rochadvocat.com\/wp-content\/uploads\/2022\/09\/Recurso-18.svg\",\"contentUrl\":\"https:\/\/rochadvocat.com\/wp-content\/uploads\/2022\/09\/Recurso-18.svg\",\"width\":616,\"height\":54,\"caption\":\"Marius Roch Advocat\"},\"image\":{\"@id\":\"https:\/\/rochadvocat.com\/#\/schema\/logo\/image\/\"}}]}<\/script>\n<!-- \/ Yoast SEO plugin. -->","yoast_head_json":{"title":"Aviso Legal - Marius Roch Advocat","robots":{"index":"index","follow":"follow","max-snippet":"max-snippet:-1","max-image-preview":"max-image-preview:large","max-video-preview":"max-video-preview:-1"},"canonical":"https:\/\/rochadvocat.com\/avis-legal\/","og_locale":"es_ES","og_type":"article","og_title":"Aviso Legal - Marius Roch Advocat","og_description":"Qui \u00e9s el responsable del tractament de les seves dades personals? M\u00e0rius Roch 35115946Y, en endavant RESPONSABLE \u00a0\u00e9s el responsable del tractament de les dades personals que vost\u00e8 ens proporciona i es responsabilitza de les referides dades personals d\u2019acord amb la normativa aplicable en mat\u00e8ria de protecci\u00f3 de dades. M\u00c0RIUS ROCH amb domicili social C\/...","og_url":"https:\/\/rochadvocat.com\/avis-legal\/","og_site_name":"Marius Roch Advocat","article_modified_time":"2025-01-09T10:24:59+00:00","twitter_card":"summary_large_image","twitter_misc":{"Tiempo de lectura":"4 minutos"},"schema":{"@context":"https:\/\/schema.org","@graph":[{"@type":"WebPage","@id":"https:\/\/rochadvocat.com\/avis-legal\/","url":"https:\/\/rochadvocat.com\/avis-legal\/","name":"Aviso Legal - Marius Roch Advocat","isPartOf":{"@id":"https:\/\/rochadvocat.com\/#website"},"datePublished":"2024-10-18T12:15:43+00:00","dateModified":"2025-01-09T10:24:59+00:00","breadcrumb":{"@id":"https:\/\/rochadvocat.com\/avis-legal\/#breadcrumb"},"inLanguage":"es","potentialAction":[{"@type":"ReadAction","target":["https:\/\/rochadvocat.com\/avis-legal\/"]}]},{"@type":"BreadcrumbList","@id":"https:\/\/rochadvocat.com\/avis-legal\/#breadcrumb","itemListElement":[{"@type":"ListItem","position":1,"name":"Home","item":"https:\/\/rochadvocat.com\/small-law-firm\/"},{"@type":"ListItem","position":2,"name":"Aviso Legal"}]},{"@type":"WebSite","@id":"https:\/\/rochadvocat.com\/#website","url":"https:\/\/rochadvocat.com\/","name":"Marius Roch Advocat","description":"Advocat penalista en exercici a la ciutat de Barcelona","publisher":{"@id":"https:\/\/rochadvocat.com\/#organization"},"potentialAction":[{"@type":"SearchAction","target":{"@type":"EntryPoint","urlTemplate":"https:\/\/rochadvocat.com\/?s={search_term_string}"},"query-input":{"@type":"PropertyValueSpecification","valueRequired":true,"valueName":"search_term_string"}}],"inLanguage":"es"},{"@type":"Organization","@id":"https:\/\/rochadvocat.com\/#organization","name":"Marius Roch Advocat","url":"https:\/\/rochadvocat.com\/","logo":{"@type":"ImageObject","inLanguage":"es","@id":"https:\/\/rochadvocat.com\/#\/schema\/logo\/image\/","url":"https:\/\/rochadvocat.com\/wp-content\/uploads\/2022\/09\/Recurso-18.svg","contentUrl":"https:\/\/rochadvocat.com\/wp-content\/uploads\/2022\/09\/Recurso-18.svg","width":616,"height":54,"caption":"Marius Roch Advocat"},"image":{"@id":"https:\/\/rochadvocat.com\/#\/schema\/logo\/image\/"}}]}},"_links":{"self":[{"href":"https:\/\/rochadvocat.com\/es\/wp-json\/wp\/v2\/pages\/989820","targetHints":{"allow":["GET"]}}],"collection":[{"href":"https:\/\/rochadvocat.com\/es\/wp-json\/wp\/v2\/pages"}],"about":[{"href":"https:\/\/rochadvocat.com\/es\/wp-json\/wp\/v2\/types\/page"}],"author":[{"embeddable":true,"href":"https:\/\/rochadvocat.com\/es\/wp-json\/wp\/v2\/users\/1"}],"replies":[{"embeddable":true,"href":"https:\/\/rochadvocat.com\/es\/wp-json\/wp\/v2\/comments?post=989820"}],"version-history":[{"count":14,"href":"https:\/\/rochadvocat.com\/es\/wp-json\/wp\/v2\/pages\/989820\/revisions"}],"predecessor-version":[{"id":991186,"href":"https:\/\/rochadvocat.com\/es\/wp-json\/wp\/v2\/pages\/989820\/revisions\/991186"}],"wp:attachment":[{"href":"https:\/\/rochadvocat.com\/es\/wp-json\/wp\/v2\/media?parent=989820"}],"curies":[{"name":"wp","href":"https:\/\/api.w.org\/{rel}","templated":true}]}}